{"id":728,"date":"2020-11-26T16:35:38","date_gmt":"2020-11-26T15:35:38","guid":{"rendered":"https:\/\/www.laurisagifts.it\/?post_type=product&#038;p=728"},"modified":"2024-07-20T20:34:45","modified_gmt":"2024-07-20T18:34:45","slug":"pergamena-il-nome-della-rosa-regalo-per-appassionati-lettori-guglielmo-da-baskerville-umberto-eco","status":"publish","type":"product","link":"https:\/\/www.laurisagifts.it\/en\/shop\/pergamena-il-nome-della-rosa-regalo-per-appassionati-lettori-guglielmo-da-baskerville-umberto-eco\/","title":{"rendered":"Pergamena ispirata a Il nome della rosa &#8211; regalo per appassionati lettori &#8211; Ispirata a Umberto Eco"},"content":{"rendered":"<p>&#8220;Cos\u00ec il medioevo \u00e8 rimasto, se non il mio mestiere, il mio hobby e la mia tentazione costante, e lo vedo dovunque, in trasparenza, nelle cose di cui mi occupo, che medievali non sembrano e pur sono&#8221; (U. Eco)<\/p>\n<p>Con questa &#8220;fatica&#8221; artistica a tecnica mista e con le parole di Umberto Eco voglio rendere omaggio al celebre capolavoro letterario ispirandomi a &#8220;Il nome della rosa&#8221;<br \/>\nChi non vorrebbe appendere questa meravigliosa pergamena a protezione della propria libreria, nel proprio personalissimo &#8220;Finis Africae&#8221;?<br \/>\nIo sicuramente lo far\u00f2. La pergamena \u00e8 composta da materiali di alta qualit\u00e0 e lavoro interamente realizzato a mano, come sempre con amore<\/p>\n<p>Scrivetemi la vostra frase o citazione preferita: io la riporter\u00f2 con inchiostro e calamaio sulla pergamena!<\/p>\n<p>Misura: Foglio A4<br \/>\nSu richiesta altre misure<\/p>\n<p>Su richiesta viene venduta plastificata o incorniciata<\/p>\n<p>La calligrafia a mano richiede pazienza: i tempi di lavorazione variano a seconda della vostra richiesta<\/p>\n<p>Spedizione tracciata<\/p>\n","protected":false},"excerpt":{"rendered":"<p>&#8220;Cos\u00ec il medioevo \u00e8 rimasto, se non il mio mestiere, il mio hobby e la mia tentazione costante, e lo vedo dovunque, in trasparenza, nelle cose di cui mi occupo, che medievali non sembrano e pur sono&#8221; (U. Eco) Con questa &#8220;fatica&#8221; artistica a tecnica mista e con le parole di Umberto Eco voglio rendere &hellip; <\/p>\n","protected":false},"featured_media":729,"comment_status":"open","ping_status":"closed","template":"","meta":[],"product_brand":[],"product_cat":[34],"product_tag":[],"class_list":{"0":"post-728","1":"product","2":"type-product","3":"status-publish","4":"has-post-thumbnail","6":"product_cat-pergamene","8":"first","9":"instock","10":"shipping-taxable","11":"purchasable","12":"product-type-simple"},"translation":{"provider":"WPGlobus","version":"3.0.0","language":"en","enabled_languages":["it","en"],"languages":{"it":{"title":true,"content":true,"excerpt":false},"en":{"title":false,"content":false,"excerpt":false}}},"yoast_head":"<!-- This site is optimized with the Yoast SEO plugin v24.6 - https:\/\/yoast.com\/wordpress\/plugins\/seo\/ -->\n<title>Pergamena Il nome della rosa - Umberto Eco - LaurisaGifts<\/title>\n<meta name=\"robots\" content=\"index, follow, max-snippet:-1, max-image-preview:large, max-video-preview:-1\" \/>\n<link rel=\"canonical\" href=\"https:\/\/www.laurisagifts.it\/shop\/pergamena-il-nome-della-rosa-regalo-per-appassionati-lettori-guglielmo-da-baskerville-umberto-eco\/\" \/>\n<meta property=\"og:locale\" content=\"en_US\" \/>\n<meta property=\"og:type\" content=\"article\" \/>\n<meta property=\"og:title\" content=\"Pergamena ispirata a Il nome della rosa - regalo per appassionati lettori - Ispirata a Umberto Eco - LaurisaGifts\" \/>\n<meta property=\"og:url\" content=\"https:\/\/www.laurisagifts.it\/shop\/pergamena-il-nome-della-rosa-regalo-per-appassionati-lettori-guglielmo-da-baskerville-umberto-eco\/\" \/>\n<meta property=\"og:site_name\" content=\"LaurisaGifts\" \/>\n<meta property=\"article:publisher\" content=\"https:\/\/www.facebook.com\/laurisagifts\" \/>\n<meta property=\"article:modified_time\" content=\"2024-07-20T18:34:45+00:00\" \/>\n<meta property=\"og:image\" content=\"https:\/\/www.laurisagifts.it\/wp-content\/uploads\/2020\/11\/IMG-20201103-WA0012-e1606404388984.jpg\" \/>\n\t<meta property=\"og:image:width\" content=\"1516\" \/>\n\t<meta property=\"og:image:height\" content=\"814\" \/>\n\t<meta property=\"og:image:type\" content=\"image\/jpeg\" \/>\n<meta name=\"twitter:card\" content=\"summary_large_image\" \/>\n<meta name=\"twitter:site\" content=\"@LaurisaGifts\" \/>\n<meta name=\"twitter:label1\" content=\"Est. reading time\" \/>\n\t<meta name=\"twitter:data1\" content=\"1 minute\" \/>\n<script type=\"application\/ld+json\" class=\"yoast-schema-graph\">{\"@context\":\"https:\/\/schema.org\",\"@graph\":[{\"@type\":\"WebPage\",\"@id\":\"https:\/\/www.laurisagifts.it\/shop\/pergamena-il-nome-della-rosa-regalo-per-appassionati-lettori-guglielmo-da-baskerville-umberto-eco\/\",\"url\":\"https:\/\/www.laurisagifts.it\/shop\/pergamena-il-nome-della-rosa-regalo-per-appassionati-lettori-guglielmo-da-baskerville-umberto-eco\/\",\"name\":\"Pergamena Il nome della rosa - Umberto Eco - LaurisaGifts\",\"isPartOf\":{\"@id\":\"https:\/\/www.laurisagifts.it\/#website\"},\"primaryImageOfPage\":{\"@id\":\"https:\/\/www.laurisagifts.it\/shop\/pergamena-il-nome-della-rosa-regalo-per-appassionati-lettori-guglielmo-da-baskerville-umberto-eco\/#primaryimage\"},\"image\":{\"@id\":\"https:\/\/www.laurisagifts.it\/shop\/pergamena-il-nome-della-rosa-regalo-per-appassionati-lettori-guglielmo-da-baskerville-umberto-eco\/#primaryimage\"},\"thumbnailUrl\":\"https:\/\/www.laurisagifts.it\/wp-content\/uploads\/2020\/11\/IMG-20201103-WA0012-e1606404388984.jpg\",\"datePublished\":\"2020-11-26T15:35:38+00:00\",\"dateModified\":\"2024-07-20T18:34:45+00:00\",\"description\":\"Pergamena Il nome della rosa Umberto Eco... La pergamena \u00e8 composta da materiali di alta qualit\u00e0 e lavoro interamente realizzato a mano...\",\"breadcrumb\":{\"@id\":\"https:\/\/www.laurisagifts.it\/shop\/pergamena-il-nome-della-rosa-regalo-per-appassionati-lettori-guglielmo-da-baskerville-umberto-eco\/#breadcrumb\"},\"inLanguage\":\"en-US\",\"potentialAction\":[{\"@type\":\"ReadAction\",\"target\":[\"https:\/\/www.laurisagifts.it\/shop\/pergamena-il-nome-della-rosa-regalo-per-appassionati-lettori-guglielmo-da-baskerville-umberto-eco\/\"]}]},{\"@type\":\"ImageObject\",\"inLanguage\":\"en-US\",\"@id\":\"https:\/\/www.laurisagifts.it\/shop\/pergamena-il-nome-della-rosa-regalo-per-appassionati-lettori-guglielmo-da-baskerville-umberto-eco\/#primaryimage\",\"url\":\"https:\/\/www.laurisagifts.it\/wp-content\/uploads\/2020\/11\/IMG-20201103-WA0012-e1606404388984.jpg\",\"contentUrl\":\"https:\/\/www.laurisagifts.it\/wp-content\/uploads\/2020\/11\/IMG-20201103-WA0012-e1606404388984.jpg\",\"width\":1516,\"height\":814},{\"@type\":\"BreadcrumbList\",\"@id\":\"https:\/\/www.laurisagifts.it\/shop\/pergamena-il-nome-della-rosa-regalo-per-appassionati-lettori-guglielmo-da-baskerville-umberto-eco\/#breadcrumb\",\"itemListElement\":[{\"@type\":\"ListItem\",\"position\":1,\"name\":\"Home\",\"item\":\"https:\/\/www.laurisagifts.it\/\"},{\"@type\":\"ListItem\",\"position\":2,\"name\":\"Shop\",\"item\":\"https:\/\/www.laurisagifts.it\/shop\/\"},{\"@type\":\"ListItem\",\"position\":3,\"name\":\"Pergamena ispirata a Il nome della rosa &#8211; regalo per appassionati lettori &#8211; Ispirata a Umberto Eco\"}]},{\"@type\":\"WebSite\",\"@id\":\"https:\/\/www.laurisagifts.it\/#website\",\"url\":\"https:\/\/www.laurisagifts.it\/\",\"name\":\"LaurisaGifts\",\"description\":\"The blog of unique pieces\",\"publisher\":{\"@id\":\"https:\/\/www.laurisagifts.it\/#organization\"},\"potentialAction\":[{\"@type\":\"SearchAction\",\"target\":{\"@type\":\"EntryPoint\",\"urlTemplate\":\"https:\/\/www.laurisagifts.it\/?s={search_term_string}\"},\"query-input\":{\"@type\":\"PropertyValueSpecification\",\"valueRequired\":true,\"valueName\":\"search_term_string\"}}],\"inLanguage\":\"en-US\"},{\"@type\":\"Organization\",\"@id\":\"https:\/\/www.laurisagifts.it\/#organization\",\"name\":\"LaurisaGifts\",\"url\":\"https:\/\/www.laurisagifts.it\/\",\"logo\":{\"@type\":\"ImageObject\",\"inLanguage\":\"en-US\",\"@id\":\"https:\/\/www.laurisagifts.it\/#\/schema\/logo\/image\/\",\"url\":\"\",\"contentUrl\":\"\",\"caption\":\"LaurisaGifts\"},\"image\":{\"@id\":\"https:\/\/www.laurisagifts.it\/#\/schema\/logo\/image\/\"},\"sameAs\":[\"https:\/\/www.facebook.com\/laurisagifts\",\"https:\/\/x.com\/LaurisaGifts\",\"https:\/\/www.instagram.com\/laurisagifts\/\",\"https:\/\/www.pinterest.it\/laurisagifts\/\"]}]}<\/script>\n<!-- \/ Yoast SEO plugin. -->","yoast_head_json":{"title":"Pergamena Il nome della rosa - Umberto Eco - LaurisaGifts","robots":{"index":"index","follow":"follow","max-snippet":"max-snippet:-1","max-image-preview":"max-image-preview:large","max-video-preview":"max-video-preview:-1"},"canonical":"https:\/\/www.laurisagifts.it\/shop\/pergamena-il-nome-della-rosa-regalo-per-appassionati-lettori-guglielmo-da-baskerville-umberto-eco\/","og_locale":"en_US","og_type":"article","og_title":"Pergamena ispirata a Il nome della rosa - regalo per appassionati lettori - Ispirata a Umberto Eco - LaurisaGifts","og_url":"https:\/\/www.laurisagifts.it\/shop\/pergamena-il-nome-della-rosa-regalo-per-appassionati-lettori-guglielmo-da-baskerville-umberto-eco\/","og_site_name":"LaurisaGifts","article_publisher":"https:\/\/www.facebook.com\/laurisagifts","article_modified_time":"2024-07-20T18:34:45+00:00","og_image":[{"width":1516,"height":814,"url":"https:\/\/www.laurisagifts.it\/wp-content\/uploads\/2020\/11\/IMG-20201103-WA0012-e1606404388984.jpg","type":"image\/jpeg"}],"twitter_card":"summary_large_image","twitter_site":"@LaurisaGifts","twitter_misc":{"Est. reading time":"1 minute"},"schema":{"@context":"https:\/\/schema.org","@graph":[{"@type":"WebPage","@id":"https:\/\/www.laurisagifts.it\/shop\/pergamena-il-nome-della-rosa-regalo-per-appassionati-lettori-guglielmo-da-baskerville-umberto-eco\/","url":"https:\/\/www.laurisagifts.it\/shop\/pergamena-il-nome-della-rosa-regalo-per-appassionati-lettori-guglielmo-da-baskerville-umberto-eco\/","name":"Pergamena Il nome della rosa - Umberto Eco - LaurisaGifts","isPartOf":{"@id":"https:\/\/www.laurisagifts.it\/#website"},"primaryImageOfPage":{"@id":"https:\/\/www.laurisagifts.it\/shop\/pergamena-il-nome-della-rosa-regalo-per-appassionati-lettori-guglielmo-da-baskerville-umberto-eco\/#primaryimage"},"image":{"@id":"https:\/\/www.laurisagifts.it\/shop\/pergamena-il-nome-della-rosa-regalo-per-appassionati-lettori-guglielmo-da-baskerville-umberto-eco\/#primaryimage"},"thumbnailUrl":"https:\/\/www.laurisagifts.it\/wp-content\/uploads\/2020\/11\/IMG-20201103-WA0012-e1606404388984.jpg","datePublished":"2020-11-26T15:35:38+00:00","dateModified":"2024-07-20T18:34:45+00:00","description":"Pergamena Il nome della rosa Umberto Eco... La pergamena \u00e8 composta da materiali di alta qualit\u00e0 e lavoro interamente realizzato a mano...","breadcrumb":{"@id":"https:\/\/www.laurisagifts.it\/shop\/pergamena-il-nome-della-rosa-regalo-per-appassionati-lettori-guglielmo-da-baskerville-umberto-eco\/#breadcrumb"},"inLanguage":"en-US","potentialAction":[{"@type":"ReadAction","target":["https:\/\/www.laurisagifts.it\/shop\/pergamena-il-nome-della-rosa-regalo-per-appassionati-lettori-guglielmo-da-baskerville-umberto-eco\/"]}]},{"@type":"ImageObject","inLanguage":"en-US","@id":"https:\/\/www.laurisagifts.it\/shop\/pergamena-il-nome-della-rosa-regalo-per-appassionati-lettori-guglielmo-da-baskerville-umberto-eco\/#primaryimage","url":"https:\/\/www.laurisagifts.it\/wp-content\/uploads\/2020\/11\/IMG-20201103-WA0012-e1606404388984.jpg","contentUrl":"https:\/\/www.laurisagifts.it\/wp-content\/uploads\/2020\/11\/IMG-20201103-WA0012-e1606404388984.jpg","width":1516,"height":814},{"@type":"BreadcrumbList","@id":"https:\/\/www.laurisagifts.it\/shop\/pergamena-il-nome-della-rosa-regalo-per-appassionati-lettori-guglielmo-da-baskerville-umberto-eco\/#breadcrumb","itemListElement":[{"@type":"ListItem","position":1,"name":"Home","item":"https:\/\/www.laurisagifts.it\/"},{"@type":"ListItem","position":2,"name":"Shop","item":"https:\/\/www.laurisagifts.it\/shop\/"},{"@type":"ListItem","position":3,"name":"Pergamena ispirata a Il nome della rosa &#8211; regalo per appassionati lettori &#8211; Ispirata a Umberto Eco"}]},{"@type":"WebSite","@id":"https:\/\/www.laurisagifts.it\/#website","url":"https:\/\/www.laurisagifts.it\/","name":"LaurisaGifts","description":"The blog of unique pieces","publisher":{"@id":"https:\/\/www.laurisagifts.it\/#organization"},"potentialAction":[{"@type":"SearchAction","target":{"@type":"EntryPoint","urlTemplate":"https:\/\/www.laurisagifts.it\/?s={search_term_string}"},"query-input":{"@type":"PropertyValueSpecification","valueRequired":true,"valueName":"search_term_string"}}],"inLanguage":"en-US"},{"@type":"Organization","@id":"https:\/\/www.laurisagifts.it\/#organization","name":"LaurisaGifts","url":"https:\/\/www.laurisagifts.it\/","logo":{"@type":"ImageObject","inLanguage":"en-US","@id":"https:\/\/www.laurisagifts.it\/#\/schema\/logo\/image\/","url":"","contentUrl":"","caption":"LaurisaGifts"},"image":{"@id":"https:\/\/www.laurisagifts.it\/#\/schema\/logo\/image\/"},"sameAs":["https:\/\/www.facebook.com\/laurisagifts","https:\/\/x.com\/LaurisaGifts","https:\/\/www.instagram.com\/laurisagifts\/","https:\/\/www.pinterest.it\/laurisagifts\/"]}]}},"_links":{"self":[{"href":"https:\/\/www.laurisagifts.it\/en\/wp-json\/wp\/v2\/product\/728","targetHints":{"allow":["GET"]}}],"collection":[{"href":"https:\/\/www.laurisagifts.it\/en\/wp-json\/wp\/v2\/product"}],"about":[{"href":"https:\/\/www.laurisagifts.it\/en\/wp-json\/wp\/v2\/types\/product"}],"replies":[{"embeddable":true,"href":"https:\/\/www.laurisagifts.it\/en\/wp-json\/wp\/v2\/comments?post=728"}],"wp:featuredmedia":[{"embeddable":true,"href":"https:\/\/www.laurisagifts.it\/en\/wp-json\/wp\/v2\/media\/729"}],"wp:attachment":[{"href":"https:\/\/www.laurisagifts.it\/en\/wp-json\/wp\/v2\/media?parent=728"}],"wp:term":[{"taxonomy":"product_brand","embeddable":true,"href":"https:\/\/www.laurisagifts.it\/en\/wp-json\/wp\/v2\/product_brand?post=728"},{"taxonomy":"product_cat","embeddable":true,"href":"https:\/\/www.laurisagifts.it\/en\/wp-json\/wp\/v2\/product_cat?post=728"},{"taxonomy":"product_tag","embeddable":true,"href":"https:\/\/www.laurisagifts.it\/en\/wp-json\/wp\/v2\/product_tag?post=728"}],"curies":[{"name":"wp","href":"https:\/\/api.w.org\/{rel}","templated":true}]}}