{"id":856,"date":"2020-12-02T15:15:32","date_gmt":"2020-12-02T14:15:32","guid":{"rendered":"https:\/\/www.laurisagifts.it\/?post_type=product&#038;p=856"},"modified":"2022-03-17T22:24:47","modified_gmt":"2022-03-17T21:24:47","slug":"disegno-david-di-michelangelo-quadro-david-ritratto","status":"publish","type":"product","link":"https:\/\/www.laurisagifts.it\/en\/shop\/disegno-david-di-michelangelo-quadro-david-ritratto\/","title":{"rendered":"Disegno David di Michelangelo &#8211; quadro David &#8211; ritratto"},"content":{"rendered":"<p>David di Michelangelo<\/p>\n<p>Disegno realizzato a mano con tecnica a carboncino nero su foglio bianco semiruvido Fabriano<\/p>\n<p>Profilo del volto della statua di marmo realizzata da Michelangelo Buonarroti (1501-1504)<br \/>\nIl giovane \u00e8 colto mentre fissa il suo avversario, il gigante Golia.<br \/>\nSimbolo della Repubblica e della citt\u00e0 di Firenze, oggi l&#8217;opera originale \u00e8 conservata alla Galleria dell&#8217;Accademia<\/p>\n<p>Il disegno \u00e8 venduto assieme a cornice di plastica blu, elegante e sottile (come in foto)<\/p>\n<p>Spedizione tracciata<\/p>\n","protected":false},"excerpt":{"rendered":"<p>David di Michelangelo Disegno realizzato a mano con tecnica a carboncino nero su foglio bianco semiruvido Fabriano Profilo del volto della statua di marmo realizzata da Michelangelo Buonarroti (1501-1504) Il giovane \u00e8 colto mentre fissa il suo avversario, il gigante Golia. Simbolo della Repubblica e della citt\u00e0 di Firenze, oggi l&#8217;opera originale \u00e8 conservata alla &hellip; <\/p>\n","protected":false},"featured_media":1218,"comment_status":"open","ping_status":"closed","template":"","meta":[],"product_brand":[],"product_cat":[28],"product_tag":[],"class_list":{"0":"post-856","1":"product","2":"type-product","3":"status-publish","4":"has-post-thumbnail","6":"product_cat-disegni","8":"first","9":"instock","10":"shipping-taxable","11":"purchasable","12":"product-type-simple"},"translation":{"provider":"WPGlobus","version":"3.0.0","language":"en","enabled_languages":["it","en"],"languages":{"it":{"title":true,"content":true,"excerpt":false},"en":{"title":false,"content":false,"excerpt":false}}},"yoast_head":"<!-- This site is optimized with the Yoast SEO plugin v24.6 - https:\/\/yoast.com\/wordpress\/plugins\/seo\/ -->\n<title>Disegno David di Michelangelo - quadro David - ritratto - LaurisaGifts<\/title>\n<meta name=\"robots\" content=\"index, follow, max-snippet:-1, max-image-preview:large, max-video-preview:-1\" \/>\n<link rel=\"canonical\" href=\"https:\/\/www.laurisagifts.it\/shop\/disegno-david-di-michelangelo-quadro-david-ritratto\/\" \/>\n<meta property=\"og:locale\" content=\"en_US\" \/>\n<meta property=\"og:type\" content=\"article\" \/>\n<meta property=\"og:title\" content=\"Disegno David di Michelangelo - quadro David - ritratto - LaurisaGifts\" \/>\n<meta property=\"og:url\" content=\"https:\/\/www.laurisagifts.it\/shop\/disegno-david-di-michelangelo-quadro-david-ritratto\/\" \/>\n<meta property=\"og:site_name\" content=\"LaurisaGifts\" \/>\n<meta property=\"article:publisher\" content=\"https:\/\/www.facebook.com\/laurisagifts\" \/>\n<meta property=\"article:modified_time\" content=\"2022-03-17T21:24:47+00:00\" \/>\n<meta property=\"og:image\" content=\"https:\/\/www.laurisagifts.it\/wp-content\/uploads\/2020\/12\/IMG_20210205_100640-scaled.jpg\" \/>\n\t<meta property=\"og:image:width\" content=\"1818\" \/>\n\t<meta property=\"og:image:height\" content=\"2560\" \/>\n\t<meta property=\"og:image:type\" content=\"image\/jpeg\" \/>\n<meta name=\"twitter:card\" content=\"summary_large_image\" \/>\n<meta name=\"twitter:site\" content=\"@LaurisaGifts\" \/>\n<meta name=\"twitter:label1\" content=\"Est. reading time\" \/>\n\t<meta name=\"twitter:data1\" content=\"1 minute\" \/>\n<script type=\"application\/ld+json\" class=\"yoast-schema-graph\">{\"@context\":\"https:\/\/schema.org\",\"@graph\":[{\"@type\":\"WebPage\",\"@id\":\"https:\/\/www.laurisagifts.it\/shop\/disegno-david-di-michelangelo-quadro-david-ritratto\/\",\"url\":\"https:\/\/www.laurisagifts.it\/shop\/disegno-david-di-michelangelo-quadro-david-ritratto\/\",\"name\":\"Disegno David di Michelangelo - quadro David - ritratto - LaurisaGifts\",\"isPartOf\":{\"@id\":\"https:\/\/www.laurisagifts.it\/#website\"},\"primaryImageOfPage\":{\"@id\":\"https:\/\/www.laurisagifts.it\/shop\/disegno-david-di-michelangelo-quadro-david-ritratto\/#primaryimage\"},\"image\":{\"@id\":\"https:\/\/www.laurisagifts.it\/shop\/disegno-david-di-michelangelo-quadro-david-ritratto\/#primaryimage\"},\"thumbnailUrl\":\"https:\/\/www.laurisagifts.it\/wp-content\/uploads\/2020\/12\/IMG_20210205_100640-scaled.jpg\",\"datePublished\":\"2020-12-02T14:15:32+00:00\",\"dateModified\":\"2022-03-17T21:24:47+00:00\",\"description\":\"Disegno David di Michelangelo, quadro David, ritratto. Disegno realizzato a mano con tecnica a carboncino nero...Firenze\",\"breadcrumb\":{\"@id\":\"https:\/\/www.laurisagifts.it\/shop\/disegno-david-di-michelangelo-quadro-david-ritratto\/#breadcrumb\"},\"inLanguage\":\"en-US\",\"potentialAction\":[{\"@type\":\"ReadAction\",\"target\":[\"https:\/\/www.laurisagifts.it\/shop\/disegno-david-di-michelangelo-quadro-david-ritratto\/\"]}]},{\"@type\":\"ImageObject\",\"inLanguage\":\"en-US\",\"@id\":\"https:\/\/www.laurisagifts.it\/shop\/disegno-david-di-michelangelo-quadro-david-ritratto\/#primaryimage\",\"url\":\"https:\/\/www.laurisagifts.it\/wp-content\/uploads\/2020\/12\/IMG_20210205_100640-scaled.jpg\",\"contentUrl\":\"https:\/\/www.laurisagifts.it\/wp-content\/uploads\/2020\/12\/IMG_20210205_100640-scaled.jpg\",\"width\":1818,\"height\":2560},{\"@type\":\"BreadcrumbList\",\"@id\":\"https:\/\/www.laurisagifts.it\/shop\/disegno-david-di-michelangelo-quadro-david-ritratto\/#breadcrumb\",\"itemListElement\":[{\"@type\":\"ListItem\",\"position\":1,\"name\":\"Home\",\"item\":\"https:\/\/www.laurisagifts.it\/\"},{\"@type\":\"ListItem\",\"position\":2,\"name\":\"Shop\",\"item\":\"https:\/\/www.laurisagifts.it\/shop\/\"},{\"@type\":\"ListItem\",\"position\":3,\"name\":\"Disegno David di Michelangelo &#8211; quadro David &#8211; ritratto\"}]},{\"@type\":\"WebSite\",\"@id\":\"https:\/\/www.laurisagifts.it\/#website\",\"url\":\"https:\/\/www.laurisagifts.it\/\",\"name\":\"LaurisaGifts\",\"description\":\"The blog of unique pieces\",\"publisher\":{\"@id\":\"https:\/\/www.laurisagifts.it\/#organization\"},\"potentialAction\":[{\"@type\":\"SearchAction\",\"target\":{\"@type\":\"EntryPoint\",\"urlTemplate\":\"https:\/\/www.laurisagifts.it\/?s={search_term_string}\"},\"query-input\":{\"@type\":\"PropertyValueSpecification\",\"valueRequired\":true,\"valueName\":\"search_term_string\"}}],\"inLanguage\":\"en-US\"},{\"@type\":\"Organization\",\"@id\":\"https:\/\/www.laurisagifts.it\/#organization\",\"name\":\"LaurisaGifts\",\"url\":\"https:\/\/www.laurisagifts.it\/\",\"logo\":{\"@type\":\"ImageObject\",\"inLanguage\":\"en-US\",\"@id\":\"https:\/\/www.laurisagifts.it\/#\/schema\/logo\/image\/\",\"url\":\"\",\"contentUrl\":\"\",\"caption\":\"LaurisaGifts\"},\"image\":{\"@id\":\"https:\/\/www.laurisagifts.it\/#\/schema\/logo\/image\/\"},\"sameAs\":[\"https:\/\/www.facebook.com\/laurisagifts\",\"https:\/\/x.com\/LaurisaGifts\",\"https:\/\/www.instagram.com\/laurisagifts\/\",\"https:\/\/www.pinterest.it\/laurisagifts\/\"]}]}<\/script>\n<!-- \/ Yoast SEO plugin. -->","yoast_head_json":{"title":"Disegno David di Michelangelo - quadro David - ritratto - LaurisaGifts","robots":{"index":"index","follow":"follow","max-snippet":"max-snippet:-1","max-image-preview":"max-image-preview:large","max-video-preview":"max-video-preview:-1"},"canonical":"https:\/\/www.laurisagifts.it\/shop\/disegno-david-di-michelangelo-quadro-david-ritratto\/","og_locale":"en_US","og_type":"article","og_title":"Disegno David di Michelangelo - quadro David - ritratto - LaurisaGifts","og_url":"https:\/\/www.laurisagifts.it\/shop\/disegno-david-di-michelangelo-quadro-david-ritratto\/","og_site_name":"LaurisaGifts","article_publisher":"https:\/\/www.facebook.com\/laurisagifts","article_modified_time":"2022-03-17T21:24:47+00:00","og_image":[{"width":1818,"height":2560,"url":"https:\/\/www.laurisagifts.it\/wp-content\/uploads\/2020\/12\/IMG_20210205_100640-scaled.jpg","type":"image\/jpeg"}],"twitter_card":"summary_large_image","twitter_site":"@LaurisaGifts","twitter_misc":{"Est. reading time":"1 minute"},"schema":{"@context":"https:\/\/schema.org","@graph":[{"@type":"WebPage","@id":"https:\/\/www.laurisagifts.it\/shop\/disegno-david-di-michelangelo-quadro-david-ritratto\/","url":"https:\/\/www.laurisagifts.it\/shop\/disegno-david-di-michelangelo-quadro-david-ritratto\/","name":"Disegno David di Michelangelo - quadro David - ritratto - LaurisaGifts","isPartOf":{"@id":"https:\/\/www.laurisagifts.it\/#website"},"primaryImageOfPage":{"@id":"https:\/\/www.laurisagifts.it\/shop\/disegno-david-di-michelangelo-quadro-david-ritratto\/#primaryimage"},"image":{"@id":"https:\/\/www.laurisagifts.it\/shop\/disegno-david-di-michelangelo-quadro-david-ritratto\/#primaryimage"},"thumbnailUrl":"https:\/\/www.laurisagifts.it\/wp-content\/uploads\/2020\/12\/IMG_20210205_100640-scaled.jpg","datePublished":"2020-12-02T14:15:32+00:00","dateModified":"2022-03-17T21:24:47+00:00","description":"Disegno David di Michelangelo, quadro David, ritratto. Disegno realizzato a mano con tecnica a carboncino nero...Firenze","breadcrumb":{"@id":"https:\/\/www.laurisagifts.it\/shop\/disegno-david-di-michelangelo-quadro-david-ritratto\/#breadcrumb"},"inLanguage":"en-US","potentialAction":[{"@type":"ReadAction","target":["https:\/\/www.laurisagifts.it\/shop\/disegno-david-di-michelangelo-quadro-david-ritratto\/"]}]},{"@type":"ImageObject","inLanguage":"en-US","@id":"https:\/\/www.laurisagifts.it\/shop\/disegno-david-di-michelangelo-quadro-david-ritratto\/#primaryimage","url":"https:\/\/www.laurisagifts.it\/wp-content\/uploads\/2020\/12\/IMG_20210205_100640-scaled.jpg","contentUrl":"https:\/\/www.laurisagifts.it\/wp-content\/uploads\/2020\/12\/IMG_20210205_100640-scaled.jpg","width":1818,"height":2560},{"@type":"BreadcrumbList","@id":"https:\/\/www.laurisagifts.it\/shop\/disegno-david-di-michelangelo-quadro-david-ritratto\/#breadcrumb","itemListElement":[{"@type":"ListItem","position":1,"name":"Home","item":"https:\/\/www.laurisagifts.it\/"},{"@type":"ListItem","position":2,"name":"Shop","item":"https:\/\/www.laurisagifts.it\/shop\/"},{"@type":"ListItem","position":3,"name":"Disegno David di Michelangelo &#8211; quadro David &#8211; ritratto"}]},{"@type":"WebSite","@id":"https:\/\/www.laurisagifts.it\/#website","url":"https:\/\/www.laurisagifts.it\/","name":"LaurisaGifts","description":"The blog of unique pieces","publisher":{"@id":"https:\/\/www.laurisagifts.it\/#organization"},"potentialAction":[{"@type":"SearchAction","target":{"@type":"EntryPoint","urlTemplate":"https:\/\/www.laurisagifts.it\/?s={search_term_string}"},"query-input":{"@type":"PropertyValueSpecification","valueRequired":true,"valueName":"search_term_string"}}],"inLanguage":"en-US"},{"@type":"Organization","@id":"https:\/\/www.laurisagifts.it\/#organization","name":"LaurisaGifts","url":"https:\/\/www.laurisagifts.it\/","logo":{"@type":"ImageObject","inLanguage":"en-US","@id":"https:\/\/www.laurisagifts.it\/#\/schema\/logo\/image\/","url":"","contentUrl":"","caption":"LaurisaGifts"},"image":{"@id":"https:\/\/www.laurisagifts.it\/#\/schema\/logo\/image\/"},"sameAs":["https:\/\/www.facebook.com\/laurisagifts","https:\/\/x.com\/LaurisaGifts","https:\/\/www.instagram.com\/laurisagifts\/","https:\/\/www.pinterest.it\/laurisagifts\/"]}]}},"_links":{"self":[{"href":"https:\/\/www.laurisagifts.it\/en\/wp-json\/wp\/v2\/product\/856","targetHints":{"allow":["GET"]}}],"collection":[{"href":"https:\/\/www.laurisagifts.it\/en\/wp-json\/wp\/v2\/product"}],"about":[{"href":"https:\/\/www.laurisagifts.it\/en\/wp-json\/wp\/v2\/types\/product"}],"replies":[{"embeddable":true,"href":"https:\/\/www.laurisagifts.it\/en\/wp-json\/wp\/v2\/comments?post=856"}],"wp:featuredmedia":[{"embeddable":true,"href":"https:\/\/www.laurisagifts.it\/en\/wp-json\/wp\/v2\/media\/1218"}],"wp:attachment":[{"href":"https:\/\/www.laurisagifts.it\/en\/wp-json\/wp\/v2\/media?parent=856"}],"wp:term":[{"taxonomy":"product_brand","embeddable":true,"href":"https:\/\/www.laurisagifts.it\/en\/wp-json\/wp\/v2\/product_brand?post=856"},{"taxonomy":"product_cat","embeddable":true,"href":"https:\/\/www.laurisagifts.it\/en\/wp-json\/wp\/v2\/product_cat?post=856"},{"taxonomy":"product_tag","embeddable":true,"href":"https:\/\/www.laurisagifts.it\/en\/wp-json\/wp\/v2\/product_tag?post=856"}],"curies":[{"name":"wp","href":"https:\/\/api.w.org\/{rel}","templated":true}]}}